{"id":767,"date":"2021-04-30T10:08:51","date_gmt":"2021-04-30T15:08:51","guid":{"rendered":"https:\/\/filteris.com\/?page_id=767"},"modified":"2021-04-30T10:08:51","modified_gmt":"2021-04-30T15:08:51","slug":"our-values","status":"publish","type":"page","link":"https:\/\/filteris.com\/en\/our-values\/","title":{"rendered":"Our values"},"content":{"rendered":"[mk_page_section layout_structure=&#8221;half_left&#8221; bg_image=&#8221;https:\/\/filteris.com\/wp-content\/uploads\/2021\/04\/nosvaleurs.jpg&#8221; bg_color=&#8221;#01464b&#8221; full_width=&#8221;true&#8221; padding_top=&#8221;0&#8243; padding_bottom=&#8221;0&#8243; el_class=&#8221;row-content&#8221;][vc_column][vc_column_text el_class=&#8221;valeurs&#8221; css=&#8221;.vc_custom_1619795321305{margin-bottom: 0px !important;}&#8221;]\n<h2>Our <strong>values<\/strong><\/h2>\n<ul>\n<li style=\"text-align: left;\"><strong>F<\/strong>iabilit\u00e9 de nos r\u00e9sultats d&#8217;analyse<\/li>\n<li><strong>I<\/strong>ntelligence artificielle au service de votre intelligence d&#8217;affaires<\/li>\n<li><strong>L<\/strong>ibert\u00e9 d&#8217;agir et de penser, quitte \u00e0 bousculer<\/li>\n<li><strong>T<\/strong>echnologies qui font vibrer les donn\u00e9es et conjuguer savoirs et \u00eatres<\/li>\n<li><strong>E<\/strong>thique et responsabilit\u00e9 et tout temps, dans la gestion des donn\u00e9es de nos clients<\/li>\n<li><strong>R<\/strong>apidit\u00e9 de nos r\u00e9sultats pour optimiser votre agilit\u00e9<\/li>\n<li><strong>I<\/strong>nnovation au c\u0153ur de tous nos d\u00e9veloppements et au b\u00e9n\u00e9fice de nos clients<\/li>\n<li><strong>S<\/strong>implicit\u00e9 car des analyses simples entra\u00eenent des actions efficaces<\/li>\n<\/ul>\n[\/vc_column_text][\/vc_column][\/mk_page_section]\n","protected":false},"excerpt":{"rendered":"<p>[mk_page_section layout_structure=&#8221;half_left&#8221; bg_image=&#8221;https:\/\/filteris.com\/wp-content\/uploads\/2021\/04\/nosvaleurs.jpg&#8221; bg_color=&#8221;#01464b&#8221; full_width=&#8221;true&#8221; padding_top=&#8221;0&#8243; padding_bottom=&#8221;0&#8243; el_class=&#8221;row-content&#8221;][vc_column][vc_column_text el_class=&#8221;valeurs&#8221; css=&#8221;.vc_custom_1619795321305{margin-bottom: 0px !important;}&#8221;] Our values Fiabilit\u00e9 de nos r\u00e9sultats d&#8217;analyse Intelligence artificielle au service de votre intelligence d&#8217;affaires Libert\u00e9 d&#8217;agir et de penser, quitte \u00e0 bousculer Technologies qui font vibrer les donn\u00e9es et conjuguer savoirs et \u00eatres Ethique et responsabilit\u00e9 et tout temps, dans la gestion [&hellip;]<\/p>\n","protected":false},"author":2,"featured_media":0,"parent":0,"menu_order":0,"comment_status":"closed","ping_status":"open","template":"","meta":{"footnotes":""},"class_list":["post-767","page","type-page","status-publish","hentry"],"yoast_head":"<!-- This site is optimized with the Yoast SEO plugin v27.5 - https:\/\/yoast.com\/product\/yoast-seo-wordpress\/ -->\n<title>Our values | Filteris<\/title>\n<meta name=\"robots\" content=\"index, follow, max-snippet:-1, max-image-preview:large, max-video-preview:-1\" \/>\n<link rel=\"canonical\" href=\"https:\/\/filteris.com\/en\/our-values\/\" \/>\n<meta property=\"og:locale\" content=\"en_US\" \/>\n<meta property=\"og:type\" content=\"article\" \/>\n<meta property=\"og:title\" content=\"Filteris\" \/>\n<meta property=\"og:description\" content=\"Intelligence de marque et analyse de r\u00e9putation\" \/>\n<meta property=\"og:url\" content=\"https:\/\/filteris.com\/en\/our-values\/\" \/>\n<meta property=\"og:site_name\" content=\"Filteris\" \/>\n<meta property=\"article:publisher\" content=\"https:\/\/www.facebook.com\/FILTERIS\" \/>\n<meta name=\"twitter:card\" content=\"summary_large_image\" \/>\n<meta name=\"twitter:site\" content=\"@FILTERIS_CANADA\" \/>\n<meta name=\"twitter:label1\" content=\"Est. reading time\" \/>\n\t<meta name=\"twitter:data1\" content=\"1 minute\" \/>\n<script type=\"application\/ld+json\" class=\"yoast-schema-graph\">{\"@context\":\"https:\\\/\\\/schema.org\",\"@graph\":[{\"@type\":\"WebPage\",\"@id\":\"https:\\\/\\\/filteris.com\\\/en\\\/our-values\\\/\",\"url\":\"https:\\\/\\\/filteris.com\\\/en\\\/our-values\\\/\",\"name\":\"Our values | Filteris\",\"isPartOf\":{\"@id\":\"https:\\\/\\\/filteris.com\\\/#website\"},\"datePublished\":\"2021-04-30T15:08:51+00:00\",\"breadcrumb\":{\"@id\":\"https:\\\/\\\/filteris.com\\\/en\\\/our-values\\\/#breadcrumb\"},\"inLanguage\":\"en-US\",\"potentialAction\":[{\"@type\":\"ReadAction\",\"target\":[\"https:\\\/\\\/filteris.com\\\/en\\\/our-values\\\/\"]}]},{\"@type\":\"BreadcrumbList\",\"@id\":\"https:\\\/\\\/filteris.com\\\/en\\\/our-values\\\/#breadcrumb\",\"itemListElement\":[{\"@type\":\"ListItem\",\"position\":1,\"name\":\"Accueil\",\"item\":\"https:\\\/\\\/filteris.com\\\/en\\\/\"},{\"@type\":\"ListItem\",\"position\":2,\"name\":\"Our values\"}]},{\"@type\":\"WebSite\",\"@id\":\"https:\\\/\\\/filteris.com\\\/#website\",\"url\":\"https:\\\/\\\/filteris.com\\\/\",\"name\":\"Filteris\",\"description\":\"Intelligence de marque et analyse de r\u00e9putation\",\"publisher\":{\"@id\":\"https:\\\/\\\/filteris.com\\\/#organization\"},\"potentialAction\":[{\"@type\":\"SearchAction\",\"target\":{\"@type\":\"EntryPoint\",\"urlTemplate\":\"https:\\\/\\\/filteris.com\\\/?s={search_term_string}\"},\"query-input\":{\"@type\":\"PropertyValueSpecification\",\"valueRequired\":true,\"valueName\":\"search_term_string\"}}],\"inLanguage\":\"en-US\"},{\"@type\":\"Organization\",\"@id\":\"https:\\\/\\\/filteris.com\\\/#organization\",\"name\":\"Filteris\",\"url\":\"https:\\\/\\\/filteris.com\\\/\",\"logo\":{\"@type\":\"ImageObject\",\"inLanguage\":\"en-US\",\"@id\":\"https:\\\/\\\/filteris.com\\\/#\\\/schema\\\/logo\\\/image\\\/\",\"url\":\"https:\\\/\\\/filteris.com\\\/wp-content\\\/uploads\\\/2021\\\/04\\\/filteris.png\",\"contentUrl\":\"https:\\\/\\\/filteris.com\\\/wp-content\\\/uploads\\\/2021\\\/04\\\/filteris.png\",\"width\":922,\"height\":356,\"caption\":\"Filteris\"},\"image\":{\"@id\":\"https:\\\/\\\/filteris.com\\\/#\\\/schema\\\/logo\\\/image\\\/\"},\"sameAs\":[\"https:\\\/\\\/www.facebook.com\\\/FILTERIS\",\"https:\\\/\\\/x.com\\\/FILTERIS_CANADA\"]}]}<\/script>\n<!-- \/ Yoast SEO plugin. -->","yoast_head_json":{"title":"Our values | Filteris","robots":{"index":"index","follow":"follow","max-snippet":"max-snippet:-1","max-image-preview":"max-image-preview:large","max-video-preview":"max-video-preview:-1"},"canonical":"https:\/\/filteris.com\/en\/our-values\/","og_locale":"en_US","og_type":"article","og_title":"Filteris","og_description":"Intelligence de marque et analyse de r\u00e9putation","og_url":"https:\/\/filteris.com\/en\/our-values\/","og_site_name":"Filteris","article_publisher":"https:\/\/www.facebook.com\/FILTERIS","twitter_card":"summary_large_image","twitter_site":"@FILTERIS_CANADA","twitter_misc":{"Est. reading time":"1 minute"},"schema":{"@context":"https:\/\/schema.org","@graph":[{"@type":"WebPage","@id":"https:\/\/filteris.com\/en\/our-values\/","url":"https:\/\/filteris.com\/en\/our-values\/","name":"Our values | Filteris","isPartOf":{"@id":"https:\/\/filteris.com\/#website"},"datePublished":"2021-04-30T15:08:51+00:00","breadcrumb":{"@id":"https:\/\/filteris.com\/en\/our-values\/#breadcrumb"},"inLanguage":"en-US","potentialAction":[{"@type":"ReadAction","target":["https:\/\/filteris.com\/en\/our-values\/"]}]},{"@type":"BreadcrumbList","@id":"https:\/\/filteris.com\/en\/our-values\/#breadcrumb","itemListElement":[{"@type":"ListItem","position":1,"name":"Accueil","item":"https:\/\/filteris.com\/en\/"},{"@type":"ListItem","position":2,"name":"Our values"}]},{"@type":"WebSite","@id":"https:\/\/filteris.com\/#website","url":"https:\/\/filteris.com\/","name":"Filteris","description":"Intelligence de marque et analyse de r\u00e9putation","publisher":{"@id":"https:\/\/filteris.com\/#organization"},"potentialAction":[{"@type":"SearchAction","target":{"@type":"EntryPoint","urlTemplate":"https:\/\/filteris.com\/?s={search_term_string}"},"query-input":{"@type":"PropertyValueSpecification","valueRequired":true,"valueName":"search_term_string"}}],"inLanguage":"en-US"},{"@type":"Organization","@id":"https:\/\/filteris.com\/#organization","name":"Filteris","url":"https:\/\/filteris.com\/","logo":{"@type":"ImageObject","inLanguage":"en-US","@id":"https:\/\/filteris.com\/#\/schema\/logo\/image\/","url":"https:\/\/filteris.com\/wp-content\/uploads\/2021\/04\/filteris.png","contentUrl":"https:\/\/filteris.com\/wp-content\/uploads\/2021\/04\/filteris.png","width":922,"height":356,"caption":"Filteris"},"image":{"@id":"https:\/\/filteris.com\/#\/schema\/logo\/image\/"},"sameAs":["https:\/\/www.facebook.com\/FILTERIS","https:\/\/x.com\/FILTERIS_CANADA"]}]}},"_links":{"self":[{"href":"https:\/\/filteris.com\/en\/wp-json\/wp\/v2\/pages\/767","targetHints":{"allow":["GET"]}}],"collection":[{"href":"https:\/\/filteris.com\/en\/wp-json\/wp\/v2\/pages"}],"about":[{"href":"https:\/\/filteris.com\/en\/wp-json\/wp\/v2\/types\/page"}],"author":[{"embeddable":true,"href":"https:\/\/filteris.com\/en\/wp-json\/wp\/v2\/users\/2"}],"replies":[{"embeddable":true,"href":"https:\/\/filteris.com\/en\/wp-json\/wp\/v2\/comments?post=767"}],"version-history":[{"count":2,"href":"https:\/\/filteris.com\/en\/wp-json\/wp\/v2\/pages\/767\/revisions"}],"predecessor-version":[{"id":960,"href":"https:\/\/filteris.com\/en\/wp-json\/wp\/v2\/pages\/767\/revisions\/960"}],"wp:attachment":[{"href":"https:\/\/filteris.com\/en\/wp-json\/wp\/v2\/media?parent=767"}],"curies":[{"name":"wp","href":"https:\/\/api.w.org\/{rel}","templated":true}]}}