{"id":755,"date":"2021-04-30T10:16:28","date_gmt":"2021-04-30T15:16:28","guid":{"rendered":"https:\/\/filteris.com\/?page_id=755"},"modified":"2021-04-30T10:16:28","modified_gmt":"2021-04-30T15:16:28","slug":"our-history","status":"publish","type":"page","link":"https:\/\/filteris.com\/en\/our-history\/","title":{"rendered":"Our history"},"content":{"rendered":"[mk_page_section bg_color=&#8221;#01464b&#8221; padding_top=&#8221;0&#8243; padding_bottom=&#8221;0&#8243; el_class=&#8221;row-content margin-mobile&#8221; sidebar=&#8221;sidebar-1&#8243;][vc_column][vc_column_text el_class=&#8221;white&#8221; css=&#8221;.vc_custom_1619795549076{margin-bottom: 0px !important;}&#8221;]\n<h2 style=\"text-align: center;\">Our history<\/h2>\n[\/vc_column_text][vc_tabs orientation=&#8221;vertical&#8221; container_bg_color=&#8221;#01464b&#8221; el_class=&#8221;histoire&#8221;][vc_tab title=&#8221;1993 to 1999&#8243; tab_id=&#8221;1619188394-1-22&#8243;][vc_column_text css=&#8221;.vc_custom_1619795597471{margin-bottom: 0px !important;}&#8221;]\n<p style=\"text-align: center;\"><img decoding=\"async\" style=\"max-width: 544px;\" src=\"\/wp-content\/uploads\/2021\/04\/icones.png\" alt=\"\" width=\"100%\" \/><\/p>\n<p style=\"text-align: center;\"><strong>1993 to 1999<\/strong><\/p>\n<p>The ideas, concepts, and methods created by FILTERIS find their roots in the period between 1993 and 1999, as part of J\u00e9r\u00f4me Coutard\u2019s doctoral thesis at the Universit\u00e9 Laval in Qu\u00e9bec City. His scientific goal was to come up with a qualitative and quantitative analysis method for mass communications in times of war by targeting values and the counter values they supported. Perception monitoring indicators for wartime were thereby created and proven to be reliable.[\/vc_column_text][\/vc_tab][vc_tab title=&#8221;2002&#8243; tab_id=&#8221;1619191304860-1-8&#8243;][vc_column_text css=&#8221;.vc_custom_1619795617566{margin-bottom: 0px !important;}&#8221;]\n<p style=\"text-align: center;\"><img decoding=\"async\" style=\"max-width: 544px;\" src=\"\/wp-content\/uploads\/2021\/04\/icones.png\" alt=\"\" width=\"100%\" \/><\/p>\n<p style=\"text-align: center;\"><strong>2002<\/strong><\/p>\n<p>FILTERIS, now a majority shareholder (67%) of Qotmii Technologies, conducts studies and audits for numerous clients in a wide range of industries (pharmaceutical, tourism, municipalities, finance, sports, politics, and more), based on J\u00e9r\u00f4me Coutard\u2019s methodology.[\/vc_column_text][\/vc_tab][vc_tab title=&#8221;2006 to 2008&#8243; tab_id=&#8221;1619191305570-2-7&#8243;][vc_column_text css=&#8221;.vc_custom_1619795636385{margin-bottom: 0px !important;}&#8221;]\n<p style=\"text-align: center;\"><img decoding=\"async\" style=\"max-width: 544px;\" src=\"\/wp-content\/uploads\/2021\/04\/icones.png\" alt=\"\" width=\"100%\" \/><\/p>\n<p style=\"text-align: center;\"><strong>2006 to 2008<\/strong><\/p>\n<p>FILTERIS tests new algorithms within the framework of Canadian, French, and US elections. The explanatory and predictive results proved encouraging, but needed to be more reliable.[\/vc_column_text][\/vc_tab][vc_tab title=&#8221;2010 to 2012&#8243; tab_id=&#8221;1619191306142-3-2&#8243;][vc_column_text css=&#8221;.vc_custom_1619795668579{margin-bottom: 0px !important;}&#8221;]\n<p style=\"text-align: center;\"><img decoding=\"async\" style=\"max-width: 544px;\" src=\"\/wp-content\/uploads\/2021\/04\/icones.png\" alt=\"\" width=\"100%\" \/><\/p>\n<p style=\"text-align: center;\"><strong>2010 to 2012<\/strong><\/p>\n<p>R&amp;D work enabled us to optimize reliability, notably with the development of a new tool that received approval from the Canada Revenue Agency.<\/p>\n<p>J\u00e9r\u00f4me Coutard\u2014one of the founders of FILTERIS and Qotmii Technologies\u2014contributed to the development of the Chair for Research on Digital Cultures at the Universit\u00e9 Laval in Qu\u00e9bec City, which was awarded to Professor Milad Doueihi. Together, they co-signed an article titled Les enjeux de la r\u00e9putation num\u00e9rique that appeared in S\u00e9curit\u00e9 et Strat\u00e9gie 2011, presenting our thinking around an automated tools like FILTERIS and Qotmii.[\/vc_column_text][\/vc_tab][vc_tab title=&#8221;2012&#8243; tab_id=&#8221;1619191306540-4-7&#8243;][vc_column_text css=&#8221;.vc_custom_1619795689267{margin-bottom: 0px !important;}&#8221;]\n<p style=\"text-align: center;\"><img decoding=\"async\" style=\"max-width: 544px;\" src=\"\/wp-content\/uploads\/2021\/04\/icones.png\" alt=\"\" width=\"100%\" \/><\/p>\n<p style=\"text-align: center;\"><strong>2012<\/strong><\/p>\n<p>Tests conducted during the 2012 elections in France enabled us to analyze and understand the importance of social networks in the construction of online reputations, notably on their impact during an election period.[\/vc_column_text][\/vc_tab][vc_tab title=&#8221;2015&#8243; tab_id=&#8221;1619191306891-5-0&#8243;][vc_column_text css=&#8221;.vc_custom_1619795701283{margin-bottom: 0px !important;}&#8221;]\n<p style=\"text-align: center;\"><img decoding=\"async\" style=\"max-width: 544px;\" src=\"\/wp-content\/uploads\/2021\/04\/icones.png\" alt=\"\" width=\"100%\" \/><\/p>\n<p style=\"text-align: center;\"><strong>2015<\/strong><\/p>\n<p>Qotmii Technologies is created in order to help with work on \u201csocial recommendations\u201d inherent in today\u2019s digital practices, as well as to automate the methodological processes that FILTERIS previously did manually.[\/vc_column_text][\/vc_tab][vc_tab title=&#8221;2016 to 2017&#8243; tab_id=&#8221;1619191307260-6-9&#8243;][vc_column_text css=&#8221;.vc_custom_1619795747641{margin-bottom: 0px !important;}&#8221;]\n<p style=\"text-align: center;\"><img decoding=\"async\" style=\"max-width: 544px;\" src=\"\/wp-content\/uploads\/2021\/04\/icones.png\" alt=\"\" width=\"100%\" \/><\/p>\n<p style=\"text-align: center;\"><strong>2016 to 2017<\/strong><\/p>\n<p>A first series of automated tests in controlled situations is conducted in the political sphere.<\/p>\n<p>In October 2016, Qotmii and its business partners publicly demonstrate that Donald Trump had the ability to win the US presidential election, going against the opinion of 98% of global analysts.<\/p>\n<p>During October-November of the same year, Qotmii was able to determine and announce that former French prime minister Fran\u00e7ois Fillon could qualify and win the primary for the right in France, whereas all polls were placing him squarely in 5th position. In November 2016, as Qotmii predicted, Fran\u00e7ois Fillon won the French primary.<\/p>\n<p>Throughout 2017, Qotmii is in testing phase in the political sphere, taking advantage of the French presidential elections to collect and analyze data on all 11 candidates.<\/p>\n<p>During this time, a free app called BuzzPol is uploaded in order to understand how users adopt and react to predictive analysis technology.<\/p>\n<p>BuzzPol exceeds expectations in April of 2017, with millions of users downloading the app in a short period of time. Results obtained on the 11 candidates during the first round of presidential elections are quantitatively globally conclusive, with only a 2% cumulative difference between predictions based on our indicators and voting results. This process enabled us to understand how we needed to optimize our algorithms.[\/vc_column_text][\/vc_tab][vc_tab title=&#8221;2017 to 2019&#8243; tab_id=&#8221;1619191307583-7-2&#8243;][vc_column_text css=&#8221;.vc_custom_1619795772991{margin-bottom: 0px !important;}&#8221;]\n<p style=\"text-align: center;\"><img decoding=\"async\" style=\"max-width: 544px;\" src=\"\/wp-content\/uploads\/2021\/04\/icones.png\" alt=\"\" width=\"100%\" \/><\/p>\n<p style=\"text-align: center;\"><strong>2017 to 2019<\/strong><\/p>\n<p>On the basis of previous results and experience, FILTERIS conducted a structured R&amp;D process in order to develop and test 5 measurement indicators that are integrated into the \u201cQotmii-Politics-France\u201d concept, finalized in 2019. Results are reliable and stable, and enable us to envision a rational, positive, massive deployment of Qotmii apps in various spheres, including entertainment (Qotmii TV series), sports (Qotmii soccer\/football), and society (Qotmii politics).[\/vc_column_text][\/vc_tab][\/vc_tabs][\/vc_column][\/mk_page_section]\n","protected":false},"excerpt":{"rendered":"<p>[mk_page_section bg_color=&#8221;#01464b&#8221; padding_top=&#8221;0&#8243; padding_bottom=&#8221;0&#8243; el_class=&#8221;row-content margin-mobile&#8221; sidebar=&#8221;sidebar-1&#8243;][vc_column][vc_column_text el_class=&#8221;white&#8221; css=&#8221;.vc_custom_1619795549076{margin-bottom: 0px !important;}&#8221;] Our history [\/vc_column_text][vc_tabs orientation=&#8221;vertical&#8221; container_bg_color=&#8221;#01464b&#8221; el_class=&#8221;histoire&#8221;][vc_tab title=&#8221;1993 to 1999&#8243; tab_id=&#8221;1619188394-1-22&#8243;][vc_column_text css=&#8221;.vc_custom_1619795597471{margin-bottom: 0px !important;}&#8221;] 1993 to 1999 The ideas, concepts, and methods created by FILTERIS find their roots in the period between 1993 and 1999, as part of J\u00e9r\u00f4me Coutard\u2019s doctoral thesis at the Universit\u00e9 [&hellip;]<\/p>\n","protected":false},"author":2,"featured_media":0,"parent":0,"menu_order":0,"comment_status":"closed","ping_status":"open","template":"","meta":{"footnotes":""},"class_list":["post-755","page","type-page","status-publish","hentry"],"yoast_head":"<!-- This site is optimized with the Yoast SEO plugin v27.4 - https:\/\/yoast.com\/product\/yoast-seo-wordpress\/ -->\n<title>A story that goes back over 20 years | FILTERIS<\/title>\n<meta name=\"description\" content=\"Learn more about the history of Filteris and Qotmii, which started in 1993 and enabled us to create today\u2019s unique AI solution.\" \/>\n<meta name=\"robots\" content=\"index, follow, max-snippet:-1, max-image-preview:large, max-video-preview:-1\" \/>\n<link rel=\"canonical\" href=\"https:\/\/filteris.com\/en\/our-history\/\" \/>\n<meta property=\"og:locale\" content=\"en_US\" \/>\n<meta property=\"og:type\" content=\"article\" \/>\n<meta property=\"og:title\" content=\"Filteris\" \/>\n<meta property=\"og:description\" content=\"Intelligence de marque et analyse de r\u00e9putation\" \/>\n<meta property=\"og:url\" content=\"https:\/\/filteris.com\/en\/our-history\/\" \/>\n<meta property=\"og:site_name\" content=\"Filteris\" \/>\n<meta property=\"article:publisher\" content=\"https:\/\/www.facebook.com\/FILTERIS\" \/>\n<meta name=\"twitter:card\" content=\"summary_large_image\" \/>\n<meta name=\"twitter:image\" content=\"https:\/\/filteris.com\/wp-content\/uploads\/2021\/04\/icones.png\" \/>\n<meta name=\"twitter:site\" content=\"@FILTERIS_CANADA\" \/>\n<meta name=\"twitter:label1\" content=\"Est. reading time\" \/>\n\t<meta name=\"twitter:data1\" content=\"5 minutes\" \/>\n<script type=\"application\/ld+json\" class=\"yoast-schema-graph\">{\"@context\":\"https:\\\/\\\/schema.org\",\"@graph\":[{\"@type\":\"WebPage\",\"@id\":\"https:\\\/\\\/filteris.com\\\/en\\\/our-history\\\/\",\"url\":\"https:\\\/\\\/filteris.com\\\/en\\\/our-history\\\/\",\"name\":\"A story that goes back over 20 years | FILTERIS\",\"isPartOf\":{\"@id\":\"https:\\\/\\\/filteris.com\\\/#website\"},\"datePublished\":\"2021-04-30T15:16:28+00:00\",\"description\":\"Learn more about the history of Filteris and Qotmii, which started in 1993 and enabled us to create today\u2019s unique AI solution.\",\"breadcrumb\":{\"@id\":\"https:\\\/\\\/filteris.com\\\/en\\\/our-history\\\/#breadcrumb\"},\"inLanguage\":\"en-US\",\"potentialAction\":[{\"@type\":\"ReadAction\",\"target\":[\"https:\\\/\\\/filteris.com\\\/en\\\/our-history\\\/\"]}]},{\"@type\":\"BreadcrumbList\",\"@id\":\"https:\\\/\\\/filteris.com\\\/en\\\/our-history\\\/#breadcrumb\",\"itemListElement\":[{\"@type\":\"ListItem\",\"position\":1,\"name\":\"Accueil\",\"item\":\"https:\\\/\\\/filteris.com\\\/en\\\/\"},{\"@type\":\"ListItem\",\"position\":2,\"name\":\"Our history\"}]},{\"@type\":\"WebSite\",\"@id\":\"https:\\\/\\\/filteris.com\\\/#website\",\"url\":\"https:\\\/\\\/filteris.com\\\/\",\"name\":\"Filteris\",\"description\":\"Intelligence de marque et analyse de r\u00e9putation\",\"publisher\":{\"@id\":\"https:\\\/\\\/filteris.com\\\/#organization\"},\"potentialAction\":[{\"@type\":\"SearchAction\",\"target\":{\"@type\":\"EntryPoint\",\"urlTemplate\":\"https:\\\/\\\/filteris.com\\\/?s={search_term_string}\"},\"query-input\":{\"@type\":\"PropertyValueSpecification\",\"valueRequired\":true,\"valueName\":\"search_term_string\"}}],\"inLanguage\":\"en-US\"},{\"@type\":\"Organization\",\"@id\":\"https:\\\/\\\/filteris.com\\\/#organization\",\"name\":\"Filteris\",\"url\":\"https:\\\/\\\/filteris.com\\\/\",\"logo\":{\"@type\":\"ImageObject\",\"inLanguage\":\"en-US\",\"@id\":\"https:\\\/\\\/filteris.com\\\/#\\\/schema\\\/logo\\\/image\\\/\",\"url\":\"https:\\\/\\\/filteris.com\\\/wp-content\\\/uploads\\\/2021\\\/04\\\/filteris.png\",\"contentUrl\":\"https:\\\/\\\/filteris.com\\\/wp-content\\\/uploads\\\/2021\\\/04\\\/filteris.png\",\"width\":922,\"height\":356,\"caption\":\"Filteris\"},\"image\":{\"@id\":\"https:\\\/\\\/filteris.com\\\/#\\\/schema\\\/logo\\\/image\\\/\"},\"sameAs\":[\"https:\\\/\\\/www.facebook.com\\\/FILTERIS\",\"https:\\\/\\\/x.com\\\/FILTERIS_CANADA\"]}]}<\/script>\n<!-- \/ Yoast SEO plugin. -->","yoast_head_json":{"title":"A story that goes back over 20 years | FILTERIS","description":"Learn more about the history of Filteris and Qotmii, which started in 1993 and enabled us to create today\u2019s unique AI solution.","robots":{"index":"index","follow":"follow","max-snippet":"max-snippet:-1","max-image-preview":"max-image-preview:large","max-video-preview":"max-video-preview:-1"},"canonical":"https:\/\/filteris.com\/en\/our-history\/","og_locale":"en_US","og_type":"article","og_title":"Filteris","og_description":"Intelligence de marque et analyse de r\u00e9putation","og_url":"https:\/\/filteris.com\/en\/our-history\/","og_site_name":"Filteris","article_publisher":"https:\/\/www.facebook.com\/FILTERIS","twitter_card":"summary_large_image","twitter_image":"https:\/\/filteris.com\/wp-content\/uploads\/2021\/04\/icones.png","twitter_site":"@FILTERIS_CANADA","twitter_misc":{"Est. reading time":"5 minutes"},"schema":{"@context":"https:\/\/schema.org","@graph":[{"@type":"WebPage","@id":"https:\/\/filteris.com\/en\/our-history\/","url":"https:\/\/filteris.com\/en\/our-history\/","name":"A story that goes back over 20 years | FILTERIS","isPartOf":{"@id":"https:\/\/filteris.com\/#website"},"datePublished":"2021-04-30T15:16:28+00:00","description":"Learn more about the history of Filteris and Qotmii, which started in 1993 and enabled us to create today\u2019s unique AI solution.","breadcrumb":{"@id":"https:\/\/filteris.com\/en\/our-history\/#breadcrumb"},"inLanguage":"en-US","potentialAction":[{"@type":"ReadAction","target":["https:\/\/filteris.com\/en\/our-history\/"]}]},{"@type":"BreadcrumbList","@id":"https:\/\/filteris.com\/en\/our-history\/#breadcrumb","itemListElement":[{"@type":"ListItem","position":1,"name":"Accueil","item":"https:\/\/filteris.com\/en\/"},{"@type":"ListItem","position":2,"name":"Our history"}]},{"@type":"WebSite","@id":"https:\/\/filteris.com\/#website","url":"https:\/\/filteris.com\/","name":"Filteris","description":"Intelligence de marque et analyse de r\u00e9putation","publisher":{"@id":"https:\/\/filteris.com\/#organization"},"potentialAction":[{"@type":"SearchAction","target":{"@type":"EntryPoint","urlTemplate":"https:\/\/filteris.com\/?s={search_term_string}"},"query-input":{"@type":"PropertyValueSpecification","valueRequired":true,"valueName":"search_term_string"}}],"inLanguage":"en-US"},{"@type":"Organization","@id":"https:\/\/filteris.com\/#organization","name":"Filteris","url":"https:\/\/filteris.com\/","logo":{"@type":"ImageObject","inLanguage":"en-US","@id":"https:\/\/filteris.com\/#\/schema\/logo\/image\/","url":"https:\/\/filteris.com\/wp-content\/uploads\/2021\/04\/filteris.png","contentUrl":"https:\/\/filteris.com\/wp-content\/uploads\/2021\/04\/filteris.png","width":922,"height":356,"caption":"Filteris"},"image":{"@id":"https:\/\/filteris.com\/#\/schema\/logo\/image\/"},"sameAs":["https:\/\/www.facebook.com\/FILTERIS","https:\/\/x.com\/FILTERIS_CANADA"]}]}},"_links":{"self":[{"href":"https:\/\/filteris.com\/en\/wp-json\/wp\/v2\/pages\/755","targetHints":{"allow":["GET"]}}],"collection":[{"href":"https:\/\/filteris.com\/en\/wp-json\/wp\/v2\/pages"}],"about":[{"href":"https:\/\/filteris.com\/en\/wp-json\/wp\/v2\/types\/page"}],"author":[{"embeddable":true,"href":"https:\/\/filteris.com\/en\/wp-json\/wp\/v2\/users\/2"}],"replies":[{"embeddable":true,"href":"https:\/\/filteris.com\/en\/wp-json\/wp\/v2\/comments?post=755"}],"version-history":[{"count":2,"href":"https:\/\/filteris.com\/en\/wp-json\/wp\/v2\/pages\/755\/revisions"}],"predecessor-version":[{"id":964,"href":"https:\/\/filteris.com\/en\/wp-json\/wp\/v2\/pages\/755\/revisions\/964"}],"wp:attachment":[{"href":"https:\/\/filteris.com\/en\/wp-json\/wp\/v2\/media?parent=755"}],"curies":[{"name":"wp","href":"https:\/\/api.w.org\/{rel}","templated":true}]}}