{"id":305,"date":"2021-04-30T10:02:24","date_gmt":"2021-04-30T15:02:24","guid":{"rendered":"https:\/\/filteris.com\/?page_id=305"},"modified":"2021-04-30T13:56:20","modified_gmt":"2021-04-30T18:56:20","slug":"our-areas-of-operation","status":"publish","type":"page","link":"https:\/\/filteris.com\/en\/our-areas-of-operation\/","title":{"rendered":"Our areas of operation"},"content":{"rendered":"[mk_page_section vertical_align=&#8221;center&#8221; bg_color=&#8221;#4b2680&#8243; min_height=&#8221;400&#8243; full_width=&#8221;true&#8221; padding_top=&#8221;0&#8243; padding_bottom=&#8221;0&#8243; el_class=&#8221;header&#8221; sidebar=&#8221;sidebar-1&#8243;][vc_column width=&#8221;1\/2&#8243;][vc_column_text css=&#8221;.vc_custom_1619794969818{margin-bottom: 0px !important;}&#8221;]\n<h1>Our areas of <strong>operation<\/strong><\/h1>\n<p class=\"header-noobject\">Our AI solution can be personalized and adapted to your specific requirements based on your industry and analysis needs.<\/p>\n[\/vc_column_text][\/vc_column][vc_column width=&#8221;1\/2&#8243; el_class=&#8221;image-only&#8221;][mk_image src=&#8221;https:\/\/filteris.com\/wp-content\/uploads\/2021\/04\/sphere.jpg&#8221; image_size=&#8221;full&#8221; margin_bottom=&#8221;0&#8243; animation=&#8221;fade-in&#8221;][\/vc_column][\/mk_page_section][mk_page_section bg_color=&#8221;#01464b&#8221; full_width=&#8221;true&#8221; padding_top=&#8221;0&#8243; padding_bottom=&#8221;0&#8243; el_class=&#8221;row-content row jaune&#8221; sidebar=&#8221;sidebar-1&#8243;][vc_column][vc_column_text animation=&#8221;bottom-to-top&#8221; el_class=&#8221;medium-p&#8221; css=&#8221;.vc_custom_1619806076793{margin-bottom: 0px !important;}&#8221;]\n<p style=\"text-align: center;\">We have worked in collaboration with a long list of clients, from municipalities to tourist destinations, CAC 40 companies, financial institutions, large French brands, pharmaceutical companies, reputable security agencies, universities, and more.<\/p>\n[\/vc_column_text][\/vc_column][\/mk_page_section][mk_page_section bg_color=&#8221;#ffffff&#8221; full_width=&#8221;true&#8221; padding_top=&#8221;0&#8243; padding_bottom=&#8221;0&#8243; el_class=&#8221;row-content&#8221; sidebar=&#8221;sidebar-1&#8243;][vc_column][vc_column_text el_class=&#8221;mauve mobile-center large-p&#8221; css=&#8221;.vc_custom_1619794992065{margin-bottom: 0px !important;}&#8221;]\n<h2 style=\"text-align: center;\">These clients put their trust in us<\/h2>\n[\/vc_column_text][mk_padding_divider visibility=&#8221;visible-dt&#8221;][vc_row_inner][vc_column_inner width=&#8221;1\/2&#8243;][vc_column_text el_class=&#8221;vertfonce mobile-center&#8221; css=&#8221;.vc_custom_1619806157102{margin-bottom: 0px !important;}&#8221;]\n<p class=\"large-p\" style=\"text-align: center;\"><img decoding=\"async\" class=\"alignnone size-full wp-image-684 graph3\" style=\"max-width: 132px;\" src=\"https:\/\/filteris.com\/wp-content\/uploads\/2021\/04\/build1.png\" alt=\"\" width=\"100px\" \/><\/p>\n<p class=\"large-p\" style=\"text-align: center;\">Large companies<\/p>\n<p style=\"text-align: center;\"><img decoding=\"async\" class=\"alignnone size-full wp-image-686\" style=\"max-width: 13px;\" src=\"https:\/\/filteris.com\/wp-content\/uploads\/2021\/04\/down.png\" alt=\"\" width=\"100%\" \/><\/p>\n<p style=\"text-align: center;\">Areva<br \/>\nGarda World<br \/>\nSAS<br \/>\nGSK<br \/>\nNovonordisk<br \/>\nNovartis<br \/>\nPfizer<\/p>\n[\/vc_column_text][\/vc_column_inner][vc_column_inner width=&#8221;1\/2&#8243;][vc_column_text el_class=&#8221;vertfonce mobile-center&#8221; css=&#8221;.vc_custom_1619806163879{margin-bottom: 0px !important;}&#8221;]\n<p class=\"large-p\" style=\"text-align: center;\"><img decoding=\"async\" class=\"alignnone size-full wp-image-684 graph3\" style=\"max-width: 132px;\" src=\"https:\/\/filteris.com\/wp-content\/uploads\/2021\/04\/build2.png\" alt=\"\" width=\"100px\" \/><\/p>\n<p class=\"large-p\" style=\"text-align: center;\">Large organizations and SMEs<\/p>\n<p style=\"text-align: center;\"><img decoding=\"async\" class=\"alignnone size-full wp-image-686\" style=\"max-width: 13px;\" src=\"https:\/\/filteris.com\/wp-content\/uploads\/2021\/04\/down.png\" alt=\"\" width=\"100%\" \/><\/p>\n<p style=\"text-align: center;\">Automobile Club de l&#8217;Ouest (24 <span style=\"font-weight: 400;\">Heures<\/span> du Mans)<br \/>\n40 Millions d&#8217;automobilistes<br \/>\nConseil Qu\u00e9b\u00e9cois d&#8217;Agr\u00e9ment<br \/>\nAFC : Association Fran\u00e7aise de Chiropraxie<br \/>\nTriskalia<br \/>\nCr\u00e9dit Mutuel<br \/>\nGlaGla Shoes<br \/>\nSmart City Expo Montr\u00e9al<\/p>\n[\/vc_column_text][\/vc_column_inner][\/vc_row_inner][mk_padding_divider visibility=&#8221;visible-dt&#8221;][vc_row_inner][vc_column_inner width=&#8221;1\/2&#8243;][vc_column_text el_class=&#8221;vertfonce mobile-center&#8221; css=&#8221;.vc_custom_1619806171917{margin-bottom: 0px !important;}&#8221;]\n<p class=\"large-p\" style=\"text-align: center;\"><img decoding=\"async\" class=\"alignnone size-full wp-image-684 graph3\" style=\"max-width: 132px;\" src=\"https:\/\/filteris.com\/wp-content\/uploads\/2021\/04\/build4.png\" alt=\"\" width=\"100px\" \/><\/p>\n<p class=\"large-p\" style=\"text-align: center;\">Municipalities, cities, and economic development organizations<\/p>\n<p style=\"text-align: center;\"><img decoding=\"async\" class=\"alignnone size-full wp-image-686\" style=\"max-width: 13px;\" src=\"https:\/\/filteris.com\/wp-content\/uploads\/2021\/04\/down.png\" alt=\"\" width=\"100%\" \/><\/p>\n<p style=\"text-align: center;\">SADC Portneuf<br \/>\nR\u00e9gion Lanaudi\u00e8re<br \/>\nCLD de la Jacques Cartier<br \/>\nCCI Vend\u00e9e<br \/>\nVend\u00e9e des \u00celes<br \/>\nPlanet Tourisme<br \/>\nVille de Saint-Jean-de-Monts<br \/>\nLa Tranche-sur-Mer<\/p>\n[\/vc_column_text][\/vc_column_inner][vc_column_inner width=&#8221;1\/2&#8243;][vc_column_text el_class=&#8221;vertfonce mobile-center&#8221; css=&#8221;.vc_custom_1619806178124{margin-bottom: 0px !important;}&#8221;]\n<p class=\"large-p\" style=\"text-align: center;\"><img decoding=\"async\" class=\"alignnone size-full wp-image-684 graph3\" style=\"max-width: 132px;\" src=\"https:\/\/filteris.com\/wp-content\/uploads\/2021\/04\/build3.png\" alt=\"\" width=\"100px\" \/><\/p>\n<p class=\"large-p\" style=\"text-align: center;\">Educational and university institutions<\/p>\n<p style=\"text-align: center;\"><img decoding=\"async\" class=\"alignnone size-full wp-image-686\" style=\"max-width: 13px;\" src=\"https:\/\/filteris.com\/wp-content\/uploads\/2021\/04\/down.png\" alt=\"\" width=\"100%\" \/><\/p>\n<p style=\"text-align: center;\">Universit\u00e9 Laval de Qu\u00e9bec<br \/>\nChaire de Recherche sur les Cultures Num\u00e9riques<br \/>\nINRS-Urbanisation-Culture et Soci\u00e9t\u00e9<br \/>\nUniversit\u00e9 du Qu\u00e9bec<\/p>\n[\/vc_column_text][\/vc_column_inner][\/vc_row_inner][\/vc_column][\/mk_page_section][mk_page_section bg_color=&#8221;#01464b&#8221; full_width=&#8221;true&#8221; padding_top=&#8221;0&#8243; padding_bottom=&#8221;0&#8243; el_class=&#8221;row-content&#8221; sidebar=&#8221;sidebar-1&#8243;][vc_column][vc_row_inner el_class=&#8221;row&#8221;][vc_column_inner el_class=&#8221;button-inline-center&#8221;][mk_button dimension=&#8221;flat&#8221; corner_style=&#8221;rounded&#8221; size=&#8221;x-large&#8221; url=&#8221;#contact&#8221; align=&#8221;center&#8221; margin_bottom=&#8221;0&#8243; margin_right=&#8221;0&#8243; animation=&#8221;left-to-right&#8221; el_class=&#8221;btn&#8221; bg_color=&#8221;#ffffff&#8221; btn_hover_bg=&#8221;#00ffcc&#8221; text_color=&#8221;dark&#8221; btn_hover_txt_color=&#8221;#ffffff&#8221;]Tell us a little about||what you\u2019re looking for[\/mk_button][mk_button dimension=&#8221;flat&#8221; corner_style=&#8221;rounded&#8221; size=&#8221;x-large&#8221; url=&#8221;\/en\/our-ai-solutions\/&#8221; align=&#8221;center&#8221; margin_bottom=&#8221;0&#8243; margin_right=&#8221;0&#8243; animation=&#8221;right-to-left&#8221; el_class=&#8221;btn&#8221; bg_color=&#8221;#ffffff&#8221; btn_hover_bg=&#8221;#00ffcc&#8221; text_color=&#8221;dark&#8221; btn_hover_txt_color=&#8221;#ffffff&#8221;]Discover our||AI solutions[\/mk_button][\/vc_column_inner][\/vc_row_inner][\/vc_column][\/mk_page_section]\n","protected":false},"excerpt":{"rendered":"<p>[mk_page_section vertical_align=&#8221;center&#8221; bg_color=&#8221;#4b2680&#8243; min_height=&#8221;400&#8243; full_width=&#8221;true&#8221; padding_top=&#8221;0&#8243; padding_bottom=&#8221;0&#8243; el_class=&#8221;header&#8221; sidebar=&#8221;sidebar-1&#8243;][vc_column width=&#8221;1\/2&#8243;][vc_column_text css=&#8221;.vc_custom_1619794969818{margin-bottom: 0px !important;}&#8221;] Our areas of operation Our AI solution can be personalized and adapted to your specific requirements based on your industry and analysis needs. [\/vc_column_text][\/vc_column][vc_column width=&#8221;1\/2&#8243; el_class=&#8221;image-only&#8221;][mk_image src=&#8221;https:\/\/filteris.com\/wp-content\/uploads\/2021\/04\/sphere.jpg&#8221; image_size=&#8221;full&#8221; margin_bottom=&#8221;0&#8243; animation=&#8221;fade-in&#8221;][\/vc_column][\/mk_page_section][mk_page_section bg_color=&#8221;#01464b&#8221; full_width=&#8221;true&#8221; padding_top=&#8221;0&#8243; padding_bottom=&#8221;0&#8243; el_class=&#8221;row-content row jaune&#8221; sidebar=&#8221;sidebar-1&#8243;][vc_column][vc_column_text animation=&#8221;bottom-to-top&#8221; el_class=&#8221;medium-p&#8221; css=&#8221;.vc_custom_1619806076793{margin-bottom: 0px [&hellip;]<\/p>\n","protected":false},"author":2,"featured_media":0,"parent":0,"menu_order":0,"comment_status":"closed","ping_status":"open","template":"","meta":{"footnotes":""},"class_list":["post-305","page","type-page","status-publish","hentry"],"yoast_head":"<!-- This site is optimized with the Yoast SEO plugin v27.5 - https:\/\/yoast.com\/product\/yoast-seo-wordpress\/ -->\n<title>Brand intelligence and reputation analysis | FILTERIS<\/title>\n<meta name=\"description\" content=\"Our AI solution adapts to the information you need as well as your industry\u2014from tourism to pharmacology, finance, security, education, and more.\" \/>\n<meta name=\"robots\" content=\"index, follow, max-snippet:-1, max-image-preview:large, max-video-preview:-1\" \/>\n<link rel=\"canonical\" href=\"https:\/\/filteris.com\/en\/our-areas-of-operation\/\" \/>\n<meta property=\"og:locale\" content=\"en_US\" \/>\n<meta property=\"og:type\" content=\"article\" \/>\n<meta property=\"og:title\" content=\"Filteris\" \/>\n<meta property=\"og:description\" content=\"Intelligence de marque et analyse de r\u00e9putation\" \/>\n<meta property=\"og:url\" content=\"https:\/\/filteris.com\/en\/our-areas-of-operation\/\" \/>\n<meta property=\"og:site_name\" content=\"Filteris\" \/>\n<meta property=\"article:publisher\" content=\"https:\/\/www.facebook.com\/FILTERIS\" \/>\n<meta property=\"article:modified_time\" content=\"2021-04-30T18:56:20+00:00\" \/>\n<meta name=\"twitter:card\" content=\"summary_large_image\" \/>\n<meta name=\"twitter:image\" content=\"https:\/\/filteris.com\/wp-content\/uploads\/2021\/04\/build1.png\" \/>\n<meta name=\"twitter:site\" content=\"@FILTERIS_CANADA\" \/>\n<meta name=\"twitter:label1\" content=\"Est. reading time\" \/>\n\t<meta name=\"twitter:data1\" content=\"3 minutes\" \/>\n<script type=\"application\/ld+json\" class=\"yoast-schema-graph\">{\"@context\":\"https:\\\/\\\/schema.org\",\"@graph\":[{\"@type\":\"WebPage\",\"@id\":\"https:\\\/\\\/filteris.com\\\/en\\\/our-areas-of-operation\\\/\",\"url\":\"https:\\\/\\\/filteris.com\\\/en\\\/our-areas-of-operation\\\/\",\"name\":\"Brand intelligence and reputation analysis | FILTERIS\",\"isPartOf\":{\"@id\":\"https:\\\/\\\/filteris.com\\\/#website\"},\"primaryImageOfPage\":{\"@id\":\"https:\\\/\\\/filteris.com\\\/en\\\/our-areas-of-operation\\\/#primaryimage\"},\"image\":{\"@id\":\"https:\\\/\\\/filteris.com\\\/en\\\/our-areas-of-operation\\\/#primaryimage\"},\"thumbnailUrl\":\"https:\\\/\\\/filteris.com\\\/wp-content\\\/uploads\\\/2021\\\/04\\\/build1.png\",\"datePublished\":\"2021-04-30T15:02:24+00:00\",\"dateModified\":\"2021-04-30T18:56:20+00:00\",\"description\":\"Our AI solution adapts to the information you need as well as your industry\u2014from tourism to pharmacology, finance, security, education, and more.\",\"breadcrumb\":{\"@id\":\"https:\\\/\\\/filteris.com\\\/en\\\/our-areas-of-operation\\\/#breadcrumb\"},\"inLanguage\":\"en-US\",\"potentialAction\":[{\"@type\":\"ReadAction\",\"target\":[\"https:\\\/\\\/filteris.com\\\/en\\\/our-areas-of-operation\\\/\"]}]},{\"@type\":\"ImageObject\",\"inLanguage\":\"en-US\",\"@id\":\"https:\\\/\\\/filteris.com\\\/en\\\/our-areas-of-operation\\\/#primaryimage\",\"url\":\"https:\\\/\\\/filteris.com\\\/wp-content\\\/uploads\\\/2021\\\/04\\\/build1.png\",\"contentUrl\":\"https:\\\/\\\/filteris.com\\\/wp-content\\\/uploads\\\/2021\\\/04\\\/build1.png\"},{\"@type\":\"BreadcrumbList\",\"@id\":\"https:\\\/\\\/filteris.com\\\/en\\\/our-areas-of-operation\\\/#breadcrumb\",\"itemListElement\":[{\"@type\":\"ListItem\",\"position\":1,\"name\":\"Accueil\",\"item\":\"https:\\\/\\\/filteris.com\\\/en\\\/\"},{\"@type\":\"ListItem\",\"position\":2,\"name\":\"Our areas of operation\"}]},{\"@type\":\"WebSite\",\"@id\":\"https:\\\/\\\/filteris.com\\\/#website\",\"url\":\"https:\\\/\\\/filteris.com\\\/\",\"name\":\"Filteris\",\"description\":\"Intelligence de marque et analyse de r\u00e9putation\",\"publisher\":{\"@id\":\"https:\\\/\\\/filteris.com\\\/#organization\"},\"potentialAction\":[{\"@type\":\"SearchAction\",\"target\":{\"@type\":\"EntryPoint\",\"urlTemplate\":\"https:\\\/\\\/filteris.com\\\/?s={search_term_string}\"},\"query-input\":{\"@type\":\"PropertyValueSpecification\",\"valueRequired\":true,\"valueName\":\"search_term_string\"}}],\"inLanguage\":\"en-US\"},{\"@type\":\"Organization\",\"@id\":\"https:\\\/\\\/filteris.com\\\/#organization\",\"name\":\"Filteris\",\"url\":\"https:\\\/\\\/filteris.com\\\/\",\"logo\":{\"@type\":\"ImageObject\",\"inLanguage\":\"en-US\",\"@id\":\"https:\\\/\\\/filteris.com\\\/#\\\/schema\\\/logo\\\/image\\\/\",\"url\":\"https:\\\/\\\/filteris.com\\\/wp-content\\\/uploads\\\/2021\\\/04\\\/filteris.png\",\"contentUrl\":\"https:\\\/\\\/filteris.com\\\/wp-content\\\/uploads\\\/2021\\\/04\\\/filteris.png\",\"width\":922,\"height\":356,\"caption\":\"Filteris\"},\"image\":{\"@id\":\"https:\\\/\\\/filteris.com\\\/#\\\/schema\\\/logo\\\/image\\\/\"},\"sameAs\":[\"https:\\\/\\\/www.facebook.com\\\/FILTERIS\",\"https:\\\/\\\/x.com\\\/FILTERIS_CANADA\"]}]}<\/script>\n<!-- \/ Yoast SEO plugin. -->","yoast_head_json":{"title":"Brand intelligence and reputation analysis | FILTERIS","description":"Our AI solution adapts to the information you need as well as your industry\u2014from tourism to pharmacology, finance, security, education, and more.","robots":{"index":"index","follow":"follow","max-snippet":"max-snippet:-1","max-image-preview":"max-image-preview:large","max-video-preview":"max-video-preview:-1"},"canonical":"https:\/\/filteris.com\/en\/our-areas-of-operation\/","og_locale":"en_US","og_type":"article","og_title":"Filteris","og_description":"Intelligence de marque et analyse de r\u00e9putation","og_url":"https:\/\/filteris.com\/en\/our-areas-of-operation\/","og_site_name":"Filteris","article_publisher":"https:\/\/www.facebook.com\/FILTERIS","article_modified_time":"2021-04-30T18:56:20+00:00","twitter_card":"summary_large_image","twitter_image":"https:\/\/filteris.com\/wp-content\/uploads\/2021\/04\/build1.png","twitter_site":"@FILTERIS_CANADA","twitter_misc":{"Est. reading time":"3 minutes"},"schema":{"@context":"https:\/\/schema.org","@graph":[{"@type":"WebPage","@id":"https:\/\/filteris.com\/en\/our-areas-of-operation\/","url":"https:\/\/filteris.com\/en\/our-areas-of-operation\/","name":"Brand intelligence and reputation analysis | FILTERIS","isPartOf":{"@id":"https:\/\/filteris.com\/#website"},"primaryImageOfPage":{"@id":"https:\/\/filteris.com\/en\/our-areas-of-operation\/#primaryimage"},"image":{"@id":"https:\/\/filteris.com\/en\/our-areas-of-operation\/#primaryimage"},"thumbnailUrl":"https:\/\/filteris.com\/wp-content\/uploads\/2021\/04\/build1.png","datePublished":"2021-04-30T15:02:24+00:00","dateModified":"2021-04-30T18:56:20+00:00","description":"Our AI solution adapts to the information you need as well as your industry\u2014from tourism to pharmacology, finance, security, education, and more.","breadcrumb":{"@id":"https:\/\/filteris.com\/en\/our-areas-of-operation\/#breadcrumb"},"inLanguage":"en-US","potentialAction":[{"@type":"ReadAction","target":["https:\/\/filteris.com\/en\/our-areas-of-operation\/"]}]},{"@type":"ImageObject","inLanguage":"en-US","@id":"https:\/\/filteris.com\/en\/our-areas-of-operation\/#primaryimage","url":"https:\/\/filteris.com\/wp-content\/uploads\/2021\/04\/build1.png","contentUrl":"https:\/\/filteris.com\/wp-content\/uploads\/2021\/04\/build1.png"},{"@type":"BreadcrumbList","@id":"https:\/\/filteris.com\/en\/our-areas-of-operation\/#breadcrumb","itemListElement":[{"@type":"ListItem","position":1,"name":"Accueil","item":"https:\/\/filteris.com\/en\/"},{"@type":"ListItem","position":2,"name":"Our areas of operation"}]},{"@type":"WebSite","@id":"https:\/\/filteris.com\/#website","url":"https:\/\/filteris.com\/","name":"Filteris","description":"Intelligence de marque et analyse de r\u00e9putation","publisher":{"@id":"https:\/\/filteris.com\/#organization"},"potentialAction":[{"@type":"SearchAction","target":{"@type":"EntryPoint","urlTemplate":"https:\/\/filteris.com\/?s={search_term_string}"},"query-input":{"@type":"PropertyValueSpecification","valueRequired":true,"valueName":"search_term_string"}}],"inLanguage":"en-US"},{"@type":"Organization","@id":"https:\/\/filteris.com\/#organization","name":"Filteris","url":"https:\/\/filteris.com\/","logo":{"@type":"ImageObject","inLanguage":"en-US","@id":"https:\/\/filteris.com\/#\/schema\/logo\/image\/","url":"https:\/\/filteris.com\/wp-content\/uploads\/2021\/04\/filteris.png","contentUrl":"https:\/\/filteris.com\/wp-content\/uploads\/2021\/04\/filteris.png","width":922,"height":356,"caption":"Filteris"},"image":{"@id":"https:\/\/filteris.com\/#\/schema\/logo\/image\/"},"sameAs":["https:\/\/www.facebook.com\/FILTERIS","https:\/\/x.com\/FILTERIS_CANADA"]}]}},"_links":{"self":[{"href":"https:\/\/filteris.com\/en\/wp-json\/wp\/v2\/pages\/305","targetHints":{"allow":["GET"]}}],"collection":[{"href":"https:\/\/filteris.com\/en\/wp-json\/wp\/v2\/pages"}],"about":[{"href":"https:\/\/filteris.com\/en\/wp-json\/wp\/v2\/types\/page"}],"author":[{"embeddable":true,"href":"https:\/\/filteris.com\/en\/wp-json\/wp\/v2\/users\/2"}],"replies":[{"embeddable":true,"href":"https:\/\/filteris.com\/en\/wp-json\/wp\/v2\/comments?post=305"}],"version-history":[{"count":6,"href":"https:\/\/filteris.com\/en\/wp-json\/wp\/v2\/pages\/305\/revisions"}],"predecessor-version":[{"id":1025,"href":"https:\/\/filteris.com\/en\/wp-json\/wp\/v2\/pages\/305\/revisions\/1025"}],"wp:attachment":[{"href":"https:\/\/filteris.com\/en\/wp-json\/wp\/v2\/media?parent=305"}],"curies":[{"name":"wp","href":"https:\/\/api.w.org\/{rel}","templated":true}]}}